{"id":1068,"date":"2015-12-28T23:16:47","date_gmt":"2015-12-28T22:16:47","guid":{"rendered":"http:\/\/kontrol.rs\/?page_id=1068"},"modified":"2017-05-08T23:36:24","modified_gmt":"2017-05-08T22:36:24","slug":"udaljene-lokacije-i-3g-modemi","status":"publish","type":"page","link":"https:\/\/kontrol.rs\/?page_id=1068","title":{"rendered":"Udaljene lokacije i  3G modemi &#8230;"},"content":{"rendered":"<p style=\"text-align: justify;\">Jedan od naj\u010de\u0161\u0107ih zahteva kupaca , koji smo do skoro <strong>zbog cene<\/strong> smatrali nere\u0161ivim , glasio je otprilike : &#8221; Imam vikendicu van grada ,potreban mi je alarmni i video nadzor\u00a0 sa mogu\u0107no\u0161\u0107u daljinskog nadzora &#8221; .<br \/>\n<img decoding=\"async\" loading=\"lazy\" class=\"alignleft size-full wp-image-1071\" src=\"http:\/\/kontrol.rs\/wp-content\/uploads\/2015\/12\/3G.mini_.jpg\" alt=\"3G.mini\" width=\"700\" height=\"437\" srcset=\"https:\/\/kontrol.rs\/wp-content\/uploads\/2015\/12\/3G.mini_.jpg 700w, https:\/\/kontrol.rs\/wp-content\/uploads\/2015\/12\/3G.mini_-300x187.jpg 300w, https:\/\/kontrol.rs\/wp-content\/uploads\/2015\/12\/3G.mini_-481x300.jpg 481w\" sizes=\"(max-width: 700px) 100vw, 700px\" \/><br \/>\nRazvojem 3G mre\u017ee doma\u0107ih operatera i opreme za rutiranje re\u0161ili smo navedeni problem i razvili re\u0161enje koje uz obi\u010dan 3G modem\/router bilo kog doma\u0107eg operatera omogu\u0107ava slede\u0107e servise na udaljenim ili izdvojenim lokacijama :<br \/>\n&#8211; be\u017ei\u010dni Internet u okviru udaljene lokacije ( WiFi access point )<br \/>\n&#8211; VoIP telefonsku liniju na udaljenoj lokaciji<br \/>\n&#8211; pristup <strong>kompletnoj<\/strong> LAN mre\u017ei udaljene lokacije iza 3G routera , <strong>bez mapiranja portova<\/strong>, <strong>sa mati\u010dne lokacije ili bilo koje Internet lokacije !!!<\/strong><br \/>\nImaju\u0107i u vidu vrlo povoljnu cenu Internet paketa pojedinih operatera :<br \/>\n<a href=\"https:\/\/www.vipmobile.rs\/privatni\/internet\/kucninet\" target=\"_blank\"><img decoding=\"async\" loading=\"lazy\" class=\"alignleft size-full wp-image-1273\" src=\"http:\/\/kontrol.rs\/wp-content\/uploads\/2015\/12\/3g-VIP.jpg\" alt=\"3g VIP\" width=\"815\" height=\"443\" srcset=\"https:\/\/kontrol.rs\/wp-content\/uploads\/2015\/12\/3g-VIP.jpg 815w, https:\/\/kontrol.rs\/wp-content\/uploads\/2015\/12\/3g-VIP-300x163.jpg 300w, https:\/\/kontrol.rs\/wp-content\/uploads\/2015\/12\/3g-VIP-500x272.jpg 500w\" sizes=\"(max-width: 815px) 100vw, 815px\" \/><\/a><\/p>\n<p style=\"text-align: justify;\">i pristojnu pokrivenost <a href=\"https:\/\/www.vipmobile.rs\/o_vipu\/vip_mreza\/mapa-pokrivenosti\" target=\"_blank\"><strong>4G mre\u017eom<\/strong><\/a> prikazano re\u0161enje omogu\u0107ava maksimalni komfor na udaljenoj lokaciji ( usluge Interneta , VoIP telefonije , nadzora , daljinskog upravljanja grejanjem\/hla\u0111enjem , irigacionim sistemima i svim ostalim sistemima koji zahtevaju dvosmernu komunikaciju )\u00a0 .<br \/>\nUkoliko imate potrebu za navedenim ili sli\u010dnim re\u0161enjem po\u0161aljite nam zahtev za dostavu ponude , sa opisom Va\u0161eg zahteva .<\/p>\n","protected":false},"excerpt":{"rendered":"<p>Jedan od naj\u010de\u0161\u0107ih zahteva kupaca , koji smo do skoro zbog cene smatrali nere\u0161ivim , glasio je otprilike : &#8221; Imam vikendicu van grada ,potreban mi je alarmni i video nadzor\u00a0 sa mogu\u0107no\u0161\u0107u daljinskog nadzora &#8221; . Razvojem 3G mre\u017ee &hellip; <a href=\"https:\/\/kontrol.rs\/?page_id=1068\">Continue reading <span class=\"meta-nav\">&rarr;<\/span><\/a><\/p>\n","protected":false},"author":1,"featured_media":0,"parent":735,"menu_order":0,"comment_status":"closed","ping_status":"closed","template":"","meta":[],"_links":{"self":[{"href":"https:\/\/kontrol.rs\/index.php?rest_route=\/wp\/v2\/pages\/1068"}],"collection":[{"href":"https:\/\/kontrol.rs\/index.php?rest_route=\/wp\/v2\/pages"}],"about":[{"href":"https:\/\/kontrol.rs\/index.php?rest_route=\/wp\/v2\/types\/page"}],"author":[{"embeddable":true,"href":"https:\/\/kontrol.rs\/index.php?rest_route=\/wp\/v2\/users\/1"}],"replies":[{"embeddable":true,"href":"https:\/\/kontrol.rs\/index.php?rest_route=%2Fwp%2Fv2%2Fcomments&post=1068"}],"version-history":[{"count":10,"href":"https:\/\/kontrol.rs\/index.php?rest_route=\/wp\/v2\/pages\/1068\/revisions"}],"predecessor-version":[{"id":1076,"href":"https:\/\/kontrol.rs\/index.php?rest_route=\/wp\/v2\/pages\/1068\/revisions\/1076"}],"up":[{"embeddable":true,"href":"https:\/\/kontrol.rs\/index.php?rest_route=\/wp\/v2\/pages\/735"}],"wp:attachment":[{"href":"https:\/\/kontrol.rs\/index.php?rest_route=%2Fwp%2Fv2%2Fmedia&parent=1068"}],"curies":[{"name":"wp","href":"https:\/\/api.w.org\/{rel}","templated":true}]}}