{"id":1328,"date":"2017-08-24T23:41:10","date_gmt":"2017-08-24T22:41:10","guid":{"rendered":"http:\/\/kontrol.rs\/?page_id=1328"},"modified":"2017-08-24T23:55:48","modified_gmt":"2017-08-24T22:55:48","slug":"prioritetno-odrzavanje-ikt-sistema","status":"publish","type":"page","link":"https:\/\/kontrol.rs\/?page_id=1328","title":{"rendered":"Prioritetno odr\u017eavanje IKT sistema &#8230;"},"content":{"rendered":"<p style=\"text-align: justify;\"><strong>R<\/strong>edovno odr\u017eavanje predstavlja klju\u010dan faktor za normalno funkcionisanje IKT sistema .<br \/>\nObzirom da velika ve\u0107ina preduzetnika , malih i srednjih preduze\u0107a nema sopstveni IT sektor, postoji problem oko pravovremenog stru\u010dnog intervenisanja u slu\u010daju otkaza u radu ra\u010dunara, servera , WAN i LAN mre\u017ee i periferne opreme. U slu\u010dajevima tzv . &#8220;informacione katastrofe&#8221; veoma je zna\u010dajno postojanje kvalitetnog ugovora o odr\u017eavanju IKT sistema sa servisnim centrom ,\u00a0 koji obezbe\u0111uje slede\u0107e :<br \/>\n&#8211; postoji ugovoreno PRIORITENO vreme dolaska na adresu klijenta<br \/>\n&#8211; servisni centar poseduje obu\u010deno ljudstvo za otklanjanje kvarova\/smetnji<br \/>\n&#8211; servisni centar poseduje <strong>rezervnu opremu <\/strong>za otklanjanje problema<br \/>\n&#8211; postoje rezervne kopije podataka \/ konfiguracionih fajlova<\/p>\n<p><img decoding=\"async\" loading=\"lazy\" class=\"alignleft size-full wp-image-1330\" src=\"http:\/\/kontrol.rs\/wp-content\/uploads\/2017\/08\/otkaz.jpg\" alt=\"Data disaster\" width=\"674\" height=\"223\" srcset=\"https:\/\/kontrol.rs\/wp-content\/uploads\/2017\/08\/otkaz.jpg 674w, https:\/\/kontrol.rs\/wp-content\/uploads\/2017\/08\/otkaz-300x99.jpg 300w, https:\/\/kontrol.rs\/wp-content\/uploads\/2017\/08\/otkaz-500x165.jpg 500w\" sizes=\"(max-width: 674px) 100vw, 674px\" \/><\/p>\n<p style=\"text-align: justify;\"><strong>I<\/strong>maju\u0107i u vidu sve ve\u0107i broj korisnika usluga prinu\u0111eni smo da , po\u010dev od 01.09.2017. godine , korisnicima usluga koji \u017eele profesionalne servisne usluge ponudimo sklapanje Ugovora o odr\u017eavanju IKT sistema , koji obezbe\u0111uje slede\u0107e :<br \/>\n&#8211; korisnik bira period i vreme u kome\u00a0 se pru\u017ea servisna usluga<br \/>\n&#8211; korisiniku obezbe\u0111ena privremena rezervna ra\u010dunarska , mre\u017ena , telekomunikaciona oprema , kao i rezervni 4G\/3G internet link<br \/>\n&#8211; o\u0161te\u0107ena \/ neispravna oprema korisnika servisira se ODMAH po preuzimanju<br \/>\n&#8211; korisnik ima u posedu BACKUP svih vitalnih podataka : image fajlova klju\u010dnih ra\u010dunarskih sistema , konfiguracione fajlove svih mre\u017enih ure\u0111aja i telekominunikacione opreme<br \/>\n&#8211; korisnik ima popis KOMPLETNE opreme opreme sa listama instaliranog softvera<br \/>\n&#8211; kroz redovne mese\u010dne obilaske vr\u0161imo prevenciju i predvi\u0111anje kvarova na sistemu .<br \/>\n&#8211; korisnik ima pravo na Teamviever podr\u0161ku u skladu sa izabranim vremenom , po najpovoljnijim uslovima .<\/p>\n<p>Da bi prilagodili usluge svim profilima korsnika napravili smo standarde pakete usluga mese\u010dnog prioritetnog odr\u017eavanja . Pregled sadr\u017eaja paketa usluga za mese\u010dno prioritetno odr\u017eavanje mo\u017eete detaljno pogledati OVDE .Ukoliko niste prona\u0161li paket koji odgovara potrebana Va\u0161e firme , pozivamo Vas da nam se javite u cilju definisanja paketa usluga po Va\u0161oj meri .<\/p>\n","protected":false},"excerpt":{"rendered":"<p>Redovno odr\u017eavanje predstavlja klju\u010dan faktor za normalno funkcionisanje IKT sistema . Obzirom da velika ve\u0107ina preduzetnika , malih i srednjih preduze\u0107a nema sopstveni IT sektor, postoji problem oko pravovremenog stru\u010dnog intervenisanja u slu\u010daju otkaza u radu ra\u010dunara, servera , WAN &hellip; <a href=\"https:\/\/kontrol.rs\/?page_id=1328\">Continue reading <span class=\"meta-nav\">&rarr;<\/span><\/a><\/p>\n","protected":false},"author":1,"featured_media":0,"parent":784,"menu_order":5,"comment_status":"closed","ping_status":"closed","template":"","meta":[],"_links":{"self":[{"href":"https:\/\/kontrol.rs\/index.php?rest_route=\/wp\/v2\/pages\/1328"}],"collection":[{"href":"https:\/\/kontrol.rs\/index.php?rest_route=\/wp\/v2\/pages"}],"about":[{"href":"https:\/\/kontrol.rs\/index.php?rest_route=\/wp\/v2\/types\/page"}],"author":[{"embeddable":true,"href":"https:\/\/kontrol.rs\/index.php?rest_route=\/wp\/v2\/users\/1"}],"replies":[{"embeddable":true,"href":"https:\/\/kontrol.rs\/index.php?rest_route=%2Fwp%2Fv2%2Fcomments&post=1328"}],"version-history":[{"count":11,"href":"https:\/\/kontrol.rs\/index.php?rest_route=\/wp\/v2\/pages\/1328\/revisions"}],"predecessor-version":[{"id":1341,"href":"https:\/\/kontrol.rs\/index.php?rest_route=\/wp\/v2\/pages\/1328\/revisions\/1341"}],"up":[{"embeddable":true,"href":"https:\/\/kontrol.rs\/index.php?rest_route=\/wp\/v2\/pages\/784"}],"wp:attachment":[{"href":"https:\/\/kontrol.rs\/index.php?rest_route=%2Fwp%2Fv2%2Fmedia&parent=1328"}],"curies":[{"name":"wp","href":"https:\/\/api.w.org\/{rel}","templated":true}]}}