{"id":601,"date":"2012-01-07T22:11:40","date_gmt":"2012-01-07T21:11:40","guid":{"rendered":"http:\/\/kontrol.rs\/?page_id=601"},"modified":"2012-01-07T22:19:48","modified_gmt":"2012-01-07T21:19:48","slug":"kx-tda200","status":"publish","type":"page","link":"https:\/\/kontrol.rs\/?page_id=601","title":{"rendered":"KX-TDA200"},"content":{"rendered":"<h3>Panasonic KX-TDA200 &#8211; telefonski sistem za maksimalno 216 portova<\/h3>\n<p><a href=\"http:\/\/kontrol.rs\/?attachment_id=605\" rel=\"attachment wp-att-605\"><img decoding=\"async\" loading=\"lazy\" class=\"alignleft size-full wp-image-605\" title=\"Panasonic KX-TDA200\" src=\"http:\/\/kontrol.rs\/wp-content\/uploads\/2012\/01\/KXTDA200.jpg\" alt=\"Panasonic KX-TDA200\" width=\"200\" height=\"196\" \/><\/a> Panasonic Hybrid IP-PBX sistem KX-TDA200 je jo\u0161 jedan u nizu mre\u017eno orjentisanih sistema , koji podr\u017eava IP tehnologiju. Pouzdanost Panasonic obezbe\u0111uje rigoroznim sistemom kontrole kvaliteta i sveobuhvatnim procesom testiranja ure\u0111aja.Sistem je projektovan za brzo i jednostavno odr\u017eavanje kako bi se vreme trajanja zastoja svelo na minimum. Sistem KX-TDA200 je srednjeg kapaciteta sa max\u00a0128 CO linija\/128 lokala (max 216 portova).<\/p>\n<p>Kapaciteti \/ funkcije :<\/p>\n<p style=\"padding-left: 210px;\">&#8211; lokalni priklju\u010dci &#8211; maksimalno 216 portova<br \/>\n&#8211; javni linije\u00a0 &#8211; maksimalno 128 priklju\u010daka<br \/>\n&#8211; DECT\u00a0 maksimalno 32 BS \/ 128 DECT HS<br \/>\n&#8211; Glas preko Internet protokola (<strong>VoIP<\/strong>)<br \/>\n&#8211; QSIG digitalno umre\u017eavanje pomo\u0107u &#8220;basic call handling&#8221; (dolaze\u0107i i odlaze\u0107i) i CLIP\/COLP\/CLIR\/COLR<br \/>\n&#8211; Automatska selekcija putanje (<strong>ARS<\/strong>) \/ Jeftinija putanja (<strong>LCR<\/strong>)<br \/>\n&#8211; Pouzdano umre\u017eavanje prekoT1\/E1, E&amp;M<br \/>\n&#8211; <strong>ISDN<\/strong> sposobnost ( BRI \/ PRI )<br \/>\n&#8211; Vi\u0161e\u0107elijska be\u017ei\u010dna integracija<br \/>\n&#8211; PC-telefon \/ PC-konzola<br \/>\n&#8211; Napredna &#8220;Call centre&#8221; funkcija<br \/>\n&#8211; Integrisanje sa &#8220;Voice processing&#8221; sisemom<br \/>\n&#8211; Napredna &#8220;Call centre&#8221; funkcija<br \/>\n&#8211; Integrisanje sa &#8220;Voice processing&#8221; sistemima<\/p>\n<p>&nbsp;<\/p>\n<p>&nbsp;<\/p>\n<p>&nbsp;<\/p>\n","protected":false},"excerpt":{"rendered":"<p>Panasonic KX-TDA200 &#8211; telefonski sistem za maksimalno 216 portova Panasonic Hybrid IP-PBX sistem KX-TDA200 je jo\u0161 jedan u nizu mre\u017eno orjentisanih sistema , koji podr\u017eava IP tehnologiju. Pouzdanost Panasonic obezbe\u0111uje rigoroznim sistemom kontrole kvaliteta i sveobuhvatnim procesom testiranja ure\u0111aja.Sistem je &hellip; <a href=\"https:\/\/kontrol.rs\/?page_id=601\">Continue reading <span class=\"meta-nav\">&rarr;<\/span><\/a><\/p>\n","protected":false},"author":1,"featured_media":0,"parent":539,"menu_order":4,"comment_status":"closed","ping_status":"closed","template":"","meta":[],"_links":{"self":[{"href":"https:\/\/kontrol.rs\/index.php?rest_route=\/wp\/v2\/pages\/601"}],"collection":[{"href":"https:\/\/kontrol.rs\/index.php?rest_route=\/wp\/v2\/pages"}],"about":[{"href":"https:\/\/kontrol.rs\/index.php?rest_route=\/wp\/v2\/types\/page"}],"author":[{"embeddable":true,"href":"https:\/\/kontrol.rs\/index.php?rest_route=\/wp\/v2\/users\/1"}],"replies":[{"embeddable":true,"href":"https:\/\/kontrol.rs\/index.php?rest_route=%2Fwp%2Fv2%2Fcomments&post=601"}],"version-history":[{"count":13,"href":"https:\/\/kontrol.rs\/index.php?rest_route=\/wp\/v2\/pages\/601\/revisions"}],"predecessor-version":[{"id":615,"href":"https:\/\/kontrol.rs\/index.php?rest_route=\/wp\/v2\/pages\/601\/revisions\/615"}],"up":[{"embeddable":true,"href":"https:\/\/kontrol.rs\/index.php?rest_route=\/wp\/v2\/pages\/539"}],"wp:attachment":[{"href":"https:\/\/kontrol.rs\/index.php?rest_route=%2Fwp%2Fv2%2Fmedia&parent=601"}],"curies":[{"name":"wp","href":"https:\/\/api.w.org\/{rel}","templated":true}]}}