{"id":761,"date":"2014-01-01T23:36:06","date_gmt":"2014-01-01T22:36:06","guid":{"rendered":"http:\/\/kontrol.rs\/?page_id=761"},"modified":"2015-01-02T17:57:23","modified_gmt":"2015-01-02T16:57:23","slug":"public-address-audio","status":"publish","type":"page","link":"https:\/\/kontrol.rs\/?page_id=761","title":{"rendered":"Public address audio"},"content":{"rendered":"<p style=\"text-align: justify;\"><span style=\"color: #000080;\"><strong><img decoding=\"async\" loading=\"lazy\" class=\"alignleft\" src=\"http:\/\/kontrol.rs\/images\/PAA\/images.jpeg\" alt=\"\" width=\"167\" height=\"302\" \/>Sistemi javnog ozvu\u010denja u objektima<br \/>\n<\/strong><br \/>\n<\/span>Osnovni zadatak sistema javnog ozvu\u010denja objekata i ustanova je da u slu\u010daju opasnosti ( po\u017ear ili bilo kakva vanredna situacija ) upozori lica u objektima ,uka\u017ee im na problem i saop\u0161ti evakuacioni put , dok se u slu\u010daju normalnih aktivnosti unutar i oko objekata sistem mo\u017ee koristiti za reprodukciju muzi\u010dkih sadr\u017eaja , emitovanje reklamnih poruka i izdavanje razli\u010ditih saop\u0161tenja ili obave\u0161tenja .<br \/>\nNaj\u010de\u0161\u0107e su sastavljeni od odgovaraju\u0107eg broja zvu\u010dnika , regulatora ja\u010dine sa ili bez tzv. overwrite funkcije u slu\u010daju opasnosti i poja\u010diva\u010da . Obzirom na velike du\u017eine linija na izlazima poja\u010diva\u010da nalaze se transformatori koji napon linije za napajanje zvu\u010dnika podi\u017eu na 100V , dok se na strani zvu\u010dnika nalaze tzv. stepdown transformatori koji oabaraju navedeni napon na potreban nivo . Osim ove , sastavni deo opreme \u010dine izvori zvuka ( MP3 , FM i CD plejeri , mikrofoni , razli\u010diti govorni moduli ili automati , posredni\u010dki moduli npr. iz telefonskih centrala i sl.) , kao i ure\u0111aji za integraciju sa drugih tehni\u010dkim sistemima ( alarmni , PPZ , access ili CCTV ) .<br \/>\nU prilici smo da Vam ponudimo usluge projektovanja , isporuke , monta\u017ee , povezivanja , programiranje i pu\u0161tanja u rad analognih i digitalnih sistema javnog ozvu\u010denja opremom renomiranih i proverenih proizvo\u0111a\u010da .<br \/>\nZa sve dodatne informacije i upite molimo Vas da nam se obratite sa zahtevom za ponudu<\/p>\n","protected":false},"excerpt":{"rendered":"<p>Sistemi javnog ozvu\u010denja u objektima Osnovni zadatak sistema javnog ozvu\u010denja objekata i ustanova je da u slu\u010daju opasnosti ( po\u017ear ili bilo kakva vanredna situacija ) upozori lica u objektima ,uka\u017ee im na problem i saop\u0161ti evakuacioni put , dok &hellip; <a href=\"https:\/\/kontrol.rs\/?page_id=761\">Continue reading <span class=\"meta-nav\">&rarr;<\/span><\/a><\/p>\n","protected":false},"author":1,"featured_media":0,"parent":735,"menu_order":0,"comment_status":"closed","ping_status":"closed","template":"","meta":[],"_links":{"self":[{"href":"https:\/\/kontrol.rs\/index.php?rest_route=\/wp\/v2\/pages\/761"}],"collection":[{"href":"https:\/\/kontrol.rs\/index.php?rest_route=\/wp\/v2\/pages"}],"about":[{"href":"https:\/\/kontrol.rs\/index.php?rest_route=\/wp\/v2\/types\/page"}],"author":[{"embeddable":true,"href":"https:\/\/kontrol.rs\/index.php?rest_route=\/wp\/v2\/users\/1"}],"replies":[{"embeddable":true,"href":"https:\/\/kontrol.rs\/index.php?rest_route=%2Fwp%2Fv2%2Fcomments&post=761"}],"version-history":[{"count":4,"href":"https:\/\/kontrol.rs\/index.php?rest_route=\/wp\/v2\/pages\/761\/revisions"}],"predecessor-version":[{"id":897,"href":"https:\/\/kontrol.rs\/index.php?rest_route=\/wp\/v2\/pages\/761\/revisions\/897"}],"up":[{"embeddable":true,"href":"https:\/\/kontrol.rs\/index.php?rest_route=\/wp\/v2\/pages\/735"}],"wp:attachment":[{"href":"https:\/\/kontrol.rs\/index.php?rest_route=%2Fwp%2Fv2%2Fmedia&parent=761"}],"curies":[{"name":"wp","href":"https:\/\/api.w.org\/{rel}","templated":true}]}}