{"id":772,"date":"2015-01-01T21:29:00","date_gmt":"2015-01-01T20:29:00","guid":{"rendered":"http:\/\/kontrol.rs\/?page_id=772"},"modified":"2015-01-01T21:32:16","modified_gmt":"2015-01-01T20:32:16","slug":"alarmni-sistemi","status":"publish","type":"page","link":"https:\/\/kontrol.rs\/?page_id=772","title":{"rendered":"Alarmni sistemi"},"content":{"rendered":"<div>\n<p><strong><a href=\"http:\/\/kontrol.rs\/?attachment_id=775\" rel=\"attachment wp-att-775\"><img decoding=\"async\" loading=\"lazy\" class=\"alignleft size-full wp-image-775\" src=\"http:\/\/kontrol.rs\/wp-content\/uploads\/2014\/01\/iParadox_01_small.jpg\" alt=\"iParadox_01_small\" width=\"100\" height=\"208\" \/><\/a>Izrada sistema tehni\u010dke za\u0161tite sastoji se od:<\/strong><\/p>\n<div align=\"justify\">\n<ul>\n<li>\u2022 izrade procene ugro\u017eenosti \u0161ti\u0107enog objekta<\/li>\n<li>\u2022 izrade sigurnosnih elaborata, po zahtevu<\/li>\n<li>\u2022 projektovanja sistema tehni\u010dke za\u0161tite<\/li>\n<li>\u2022 ugradnje sigurnosne opreme<\/li>\n<li>\u2022 edukacije\u00a0 zaposlenih za rukovanje sistemima tehni\u010dke za\u0161tite<\/li>\n<li>\u2022 pra\u0107enja funkcionisanja ugra\u0111ene opreme<\/li>\n<li>\u2022 servisiranja opreme<\/li>\n<li>\u2022 pru\u017eanja potrebnih saveta i sli\u010dno<\/li>\n<\/ul>\n<\/div>\n<p align=\"justify\"><img decoding=\"async\" loading=\"lazy\" src=\"http:\/\/aesigurnost.com\/bs\/images\/stories\/usluge\/alarmni-sistemi\/paradox-logo.gif\" alt=\"\" width=\"472\" height=\"70\" border=\"0\" \/><\/p>\n<p style=\"text-align: justify;\"><strong>Paradox Security Systems<\/strong> je svetski poznat kanadski proizvo\u0111a\u010d opreme za tehni\u010dku za\u0161titu, neprestano usmeren prema istra\u017eivanju i razvoju. Svoju \u0161iroku paletu proizvoda nudi u vi\u0161e od 50 zemalja \u0161irom sveta. Od osnivanja 1989. Paradox nezaustavljivo ustraje u nameri da bude vode\u0107a firma u oblasti tehni\u010dke za\u0161tite. Preko detektora pokreta i centrala pa do be\u017ei\u010dne opreme i tastatura, proizvodi firme Paradox ispunjavaju sve uslove: dizajnerske, ekonomske i industrijske prirode.<\/p>\n<div align=\"justify\"><img decoding=\"async\" loading=\"lazy\" src=\"http:\/\/aesigurnost.com\/bs\/images\/stories\/usluge\/alarmni-sistemi\/Magellan.gif\" alt=\"\" width=\"245\" height=\"34\" border=\"0\" \/><\/div>\n<p align=\"justify\"><strong>Magellan <\/strong>je prvi sigurnosni sistem u svetu koji objedinjuje sigurnost s potrebnim korisni\u010dkim funkcijama i stilski dizajn. Magellan izgleda druga\u010dije nego bilo \u0161to drugo u industriji sistema tehni\u010dke za\u0161tite. Instalirali ga bilo gdje u va\u0161em domu ili malom preduze\u0107u, Magellan se sla\u017ee izvrsno sa bilo kojim dekorom. Mo\u017eete slu\u0161ati muziku, ostaviti poruku ili koristiti sistem kao telefon, budilnik ili ure\u0111aj za nadgledanje. Sa Magellanom imate sigurnost i jo\u0161 mnogo vi\u0161e!<\/p>\n<div align=\"justify\"><img decoding=\"async\" loading=\"lazy\" src=\"http:\/\/aesigurnost.com\/bs\/images\/stories\/usluge\/alarmni-sistemi\/esprit.gif\" alt=\"\" width=\"320\" height=\"31\" border=\"0\" \/><\/div>\n<p align=\"justify\"><strong>Esprit+<\/strong> obuhva\u0107a \u0161irok spektar centrala s 4, 6 ili 12 zona na glavnoj plo\u010di i podr\u017eava do 2 zone na tipkovnici. Sve centrale nude ATZ svojstvo dupliranja zona \u0161to vam omogu\u0107uje spajanje dva detektora na jedan ulaz. Svaki detektor zauzima svoju zonu i \u0161alje centrali informacije o svom stanju. Ovisno o centrali, sistem mo\u017ee sadr\u017eavati do 24 programabilne zone koje mogu biti pridru\u017eene jednoj ili obema particijama ili ne moraju biti pridru\u017eene nijednoj particiji da bi formirali zajedni\u010dko podru\u010dje. Esprit serija pru\u017ea vam pouzdanost uz povoljnu cenu, s funkcijama koje ispunjavaju potrebe ve\u0107ine korisnika.<\/p>\n<div align=\"justify\"><img decoding=\"async\" src=\"http:\/\/aesigurnost.com\/bs\/images\/stories\/usluge\/alarmni-sistemi\/spectra-sp.gif\" alt=\"\" border=\"0\" \/><\/div>\n<p align=\"justify\"><strong>Spectra SP<\/strong> pru\u017ea kombinaciju inovativnih karakteristika i naprednu komunikacijsku sabirnicu za jedinstveno pro\u0161irenje sistema. Preko ove komunikacijske sabirnice, Spectra SP mo\u017ee biti pro\u0161irena preko be\u017ei\u010dnog i\u00a0 \u017ei\u010danog modula za pro\u0161irenje i razli\u010ditih modula. Sa svojom pouzdanom komunikacijskom tehnologijom, fleksibilnim pro\u0161irenjem i vrlo lepo dizajniranim\u00a0 tastaturama, Spectra SP je idealan sigurnosni sistem za bilo koju stambenu ili komercijalnu ustanovu koja zahtjeva do 32 zone za\u0161tite.<\/p>\n<p>Spectra SP podr\u017eava StayD fuknkciju , \u0161to nudi pove\u0107an nivo sigurnosti i pazi da je sistem uvek uklju\u010den. Centrale tako\u0111er nude vi\u0161e zona (pro\u0161irivo do 32), vi\u0161e PGM-ova (pro\u0161irivo do 16), podr\u0161ku glasovnom modulu (VDMP3) i internet modulu (IP100).<\/p>\n<div align=\"justify\"><img decoding=\"async\" loading=\"lazy\" src=\"http:\/\/aesigurnost.com\/bs\/images\/stories\/usluge\/alarmni-sistemi\/Digiplex.gif\" alt=\"\" width=\"162\" height=\"30\" border=\"0\" \/><\/div>\n<div align=\"justify\"><strong>Digiplex <\/strong>sistemi pru\u017eaju najvi\u0161u stepen za\u0161tite te se ugra\u0111uju u banke, vojne i dr\u017eavne objekte, luksuzne privatne rezidencije i bilo koja mjesta gdje je potrebna maksimalna za\u0161tita. Dizajnirani s obra\u0107anjem pa\u017enje na jednostavnost upotrebe, modularni princip ovih sistema pru\u017ea osobine koje pro\u0161irenje, instaliranje i servisiranje ovih sistema \u010dini izuzetno brzim i jednostavnim.<br \/>\nPro\u0161irite va\u0161 sistem dodavanjem uklju\u010di-i-radi modula bilo gdje i u bilo kojoj kombinaciji na 4-\u017ei\u010dnoj sabirnici. Moduli su spojeni na sabirnicu na najprikladnijim lokacijama i samo njihov iskori\u0161teni ulaz se pridru\u017euje zoni u sistemi. Daljinski upravlja\u010di i nekori\u0161teni ulazi modula ne koriste zonu. Jednom instalirani, svi moduli na sabirnici, uklju\u010duju\u0107i detektore pokreta, mogu se isprogramirati s udaljene lokacije preko tastature ili WinLoad programa. Digiplex sistemi su logi\u010dno rje\u0161enje za pru\u017eanje za\u0161tite, kontrole pristupa i automatizacije kod najve\u0107eg broja instalacija.<\/div>\n<div align=\"justify\"><\/div>\n<p><a title=\"\" href=\"http:\/\/aesigurnost.com\/bs\/images\/stories\/usluge\/alarmni-sistemi\/iparadox.jpg\" target=\"_blank\"><img decoding=\"async\" loading=\"lazy\" src=\"http:\/\/aesigurnost.com\/bs\/images\/stories\/thumb\/50_iparadox.jpg\" alt=\"\" width=\"207\" height=\"76\" border=\"0\" \/><\/a><\/p>\n<p align=\"justify\"><strong>iParadox <\/strong><\/p>\n<p align=\"justify\">Kompanija Paradox je predstavila iPhone aplikaciju za MG i SP seriju centrala &#8211; iParadox.<br \/>\nLite verzija dozvoljava spajanje i pregled centrala, i ona je besplatna dok sa full verzijom imate mogu\u0107nost uklju\u010divanja\/ga\u0161enja alarma i kontrole PGM-ova.<br \/>\niParadox je kompatibilan sa \u00a0Paradox MG5000, MG5050, SP4000, SP5500, SP6000, SP65, i SP7000 sistemima. Wi-Fi i 3G komunikacija podrazumevaju da na sistemu postoji IP100 Internet Module verzije V5.03 ili ve\u0107e.<\/p>\n<p align=\"justify\">iParadox mogu\u0107nosti:\u00a0&#8211; Regular arm, Sleep arm, Stay arm\u00a0&#8211; Disarm\u00a0&#8211; Displays alarm memory\u00a0&#8211; Displays system troubles\u00a0&#8211; PGM activation\/deactivation*\u00a0&#8211; Connects with static or dynamic IP (ParadoxMyHome)<br \/>\n* Shows the last PGM action performed from iParadox, not the current PGM state.<\/p>\n<p align=\"justify\"><strong>Neke od mogu\u0107ih primjena iParadox-a:<\/strong><\/p>\n<p align=\"justify\">Zaboravili ste uklju\u010diti alarm &#8211; sada to mo\u017eete i preko mobilnog telefona<br \/>\nProverite trenutni status sistema<br \/>\nProverite da li je bilo gre\u0161aka na sistemu<br \/>\nKontrola PGM-ova &#8211; paljenje\/ga\u0161enje svjetala, kontrola gara\u017enih vrata, paljenje\/ga\u0161enje prskalica itd.<\/p>\n<p align=\"justify\">Aplikaciju mo\u017eete preuzeti klikom <strong>:<a href=\"http:\/\/itunes.apple.com\/us\/app\/id421512704?mt=8\" target=\"_blank\"><br \/>\n<\/a><\/strong><a href=\"https:\/\/itunes.apple.com\/us\/app\/id421512704?mt=8\" target=\"_blank\" rel=\"attachment wp-att-883\"><img decoding=\"async\" loading=\"lazy\" class=\"alignnone wp-image-883 size-full\" src=\"http:\/\/kontrol.rs\/wp-content\/uploads\/2015\/01\/apple_50px.jpg\" alt=\"Apple\" width=\"50\" height=\"56\" \/><\/a> <a href=\"https:\/\/play.google.com\/store\/apps\/details?id=com.Paradox&amp;feature=search_result#?t=W251bGwsMSwyLDEsImNvbS5QYXJhZG94Il0\" target=\"_blank\"><img decoding=\"async\" loading=\"lazy\" class=\"alignnone wp-image-884 size-full\" src=\"http:\/\/kontrol.rs\/wp-content\/uploads\/2015\/01\/android_logo_50px.jpg\" alt=\"Android\" width=\"50\" height=\"69\" \/><\/a><\/p>\n<\/div>\n","protected":false},"excerpt":{"rendered":"<p>Izrada sistema tehni\u010dke za\u0161tite sastoji se od: \u2022 izrade procene ugro\u017eenosti \u0161ti\u0107enog objekta \u2022 izrade sigurnosnih elaborata, po zahtevu \u2022 projektovanja sistema tehni\u010dke za\u0161tite \u2022 ugradnje sigurnosne opreme \u2022 edukacije\u00a0 zaposlenih za rukovanje sistemima tehni\u010dke za\u0161tite \u2022 pra\u0107enja funkcionisanja ugra\u0111ene &hellip; <a href=\"https:\/\/kontrol.rs\/?page_id=772\">Continue reading <span class=\"meta-nav\">&rarr;<\/span><\/a><\/p>\n","protected":false},"author":1,"featured_media":0,"parent":735,"menu_order":0,"comment_status":"closed","ping_status":"closed","template":"","meta":[],"_links":{"self":[{"href":"https:\/\/kontrol.rs\/index.php?rest_route=\/wp\/v2\/pages\/772"}],"collection":[{"href":"https:\/\/kontrol.rs\/index.php?rest_route=\/wp\/v2\/pages"}],"about":[{"href":"https:\/\/kontrol.rs\/index.php?rest_route=\/wp\/v2\/types\/page"}],"author":[{"embeddable":true,"href":"https:\/\/kontrol.rs\/index.php?rest_route=\/wp\/v2\/users\/1"}],"replies":[{"embeddable":true,"href":"https:\/\/kontrol.rs\/index.php?rest_route=%2Fwp%2Fv2%2Fcomments&post=772"}],"version-history":[{"count":13,"href":"https:\/\/kontrol.rs\/index.php?rest_route=\/wp\/v2\/pages\/772\/revisions"}],"predecessor-version":[{"id":888,"href":"https:\/\/kontrol.rs\/index.php?rest_route=\/wp\/v2\/pages\/772\/revisions\/888"}],"up":[{"embeddable":true,"href":"https:\/\/kontrol.rs\/index.php?rest_route=\/wp\/v2\/pages\/735"}],"wp:attachment":[{"href":"https:\/\/kontrol.rs\/index.php?rest_route=%2Fwp%2Fv2%2Fmedia&parent=772"}],"curies":[{"name":"wp","href":"https:\/\/api.w.org\/{rel}","templated":true}]}}