{"id":936,"date":"2015-02-17T09:05:19","date_gmt":"2015-02-17T08:05:19","guid":{"rendered":"http:\/\/kontrol.rs\/?page_id=936"},"modified":"2015-02-17T09:27:22","modified_gmt":"2015-02-17T08:27:22","slug":"telefonski-dojavni-automati","status":"publish","type":"page","link":"https:\/\/kontrol.rs\/?page_id=936","title":{"rendered":"Telefonski dojavni automati"},"content":{"rendered":"<p style=\"text-align: justify;\"><strong>Telefonska dojava za klasi\u010dnu telefonsku liniju<\/strong><\/p>\n<p><img decoding=\"async\" loading=\"lazy\" class=\"alignleft size-full wp-image-937\" src=\"http:\/\/kontrol.rs\/wp-content\/uploads\/2015\/02\/T-vox.gif\" alt=\"T-vox\" width=\"150\" height=\"111\" \/>Uredjaj predvidjen za dojavu dogadjaja putem standardne telefonske linije.Programirane poruke mogu Vam koristiti za kontrolu stanja, ali i za poziv neophodne pomoci. Nadzor telefonske linije iskljucuje mogucnost sabotiranja rada ovog uredjaja. Proveren i usaglasen program olaksava brzo konfigurisanje uredjaja.DTMF ili impulsno biranje , dve ulazne zone , ugra\u0111en mikrofon i programator , kontrola telefonske linije ,\u00a0 trajno memorisanje unetih parametara .<\/p>\n<p><strong>GSM telefonski dojavni automat AMC<\/strong><\/p>\n<p style=\"text-align: justify;\"><img decoding=\"async\" loading=\"lazy\" class=\"alignleft size-full wp-image-938\" src=\"http:\/\/kontrol.rs\/wp-content\/uploads\/2015\/02\/K-unica.jpg\" alt=\"K-unica\" width=\"200\" height=\"236\" \/>Samostalni GSM komunikator,LCD ekran, besplatna daljinska aktivaciju izlaza, 5 zona i\/ili izlaza, SMS i glasovana dojava , na 8 telefonskih brojeva, emulacija telefonske linije. Upravljanje izlazima pomo\u0107u SMS poruka i pozivom, glasovna i SMSdojava za svaku zonu, programiranje preko tastature i SMS poruka, potrebna SIM kartica, LCD i glasovni meni na <strong>srpskom jeziku .<\/strong><\/p>\n<p>&nbsp;<\/p>\n<p>&nbsp;<\/p>\n<p><strong>GSM telefonski dojavni automat KG30<\/strong><\/p>\n<p style=\"text-align: justify;\"><strong><img decoding=\"async\" loading=\"lazy\" class=\"alignleft size-full wp-image-942\" src=\"http:\/\/kontrol.rs\/wp-content\/uploads\/2015\/02\/KG3-LR.jpg\" alt=\"KG3-LR\" width=\"200\" height=\"136\" \/><\/strong><br \/>\nHibridna telefonska dojava, ovezivanje putem\u00a0 GSM linije i\/ili fiksne telefonske linije, mogu\u0107nost slanja SMS poruka,memorisanje 20 telefonskih brojeva, reprodukcija glasovne poruke do 20 sekundi, 4 razli\u010dita re\u017eima okidanja, mogu\u0107nost upravljanja sa\u00a0 3 kontrolisana izlaza putem SMS poruka ( za aktiviranje ili deaktiviranje ure\u0111aja &#8211; svetla , grejanje , HVAC oprema , sistemi za irigaciju i sli\u010dno ) , napajanje 12 V , priklju\u010dak za posljnu GSM antenu u slu\u010daju slabog signala .<\/p>\n","protected":false},"excerpt":{"rendered":"<p>Telefonska dojava za klasi\u010dnu telefonsku liniju Uredjaj predvidjen za dojavu dogadjaja putem standardne telefonske linije.Programirane poruke mogu Vam koristiti za kontrolu stanja, ali i za poziv neophodne pomoci. Nadzor telefonske linije iskljucuje mogucnost sabotiranja rada ovog uredjaja. Proveren i usaglasen &hellip; <a href=\"https:\/\/kontrol.rs\/?page_id=936\">Continue reading <span class=\"meta-nav\">&rarr;<\/span><\/a><\/p>\n","protected":false},"author":1,"featured_media":0,"parent":772,"menu_order":2,"comment_status":"closed","ping_status":"closed","template":"","meta":[],"_links":{"self":[{"href":"https:\/\/kontrol.rs\/index.php?rest_route=\/wp\/v2\/pages\/936"}],"collection":[{"href":"https:\/\/kontrol.rs\/index.php?rest_route=\/wp\/v2\/pages"}],"about":[{"href":"https:\/\/kontrol.rs\/index.php?rest_route=\/wp\/v2\/types\/page"}],"author":[{"embeddable":true,"href":"https:\/\/kontrol.rs\/index.php?rest_route=\/wp\/v2\/users\/1"}],"replies":[{"embeddable":true,"href":"https:\/\/kontrol.rs\/index.php?rest_route=%2Fwp%2Fv2%2Fcomments&post=936"}],"version-history":[{"count":5,"href":"https:\/\/kontrol.rs\/index.php?rest_route=\/wp\/v2\/pages\/936\/revisions"}],"predecessor-version":[{"id":940,"href":"https:\/\/kontrol.rs\/index.php?rest_route=\/wp\/v2\/pages\/936\/revisions\/940"}],"up":[{"embeddable":true,"href":"https:\/\/kontrol.rs\/index.php?rest_route=\/wp\/v2\/pages\/772"}],"wp:attachment":[{"href":"https:\/\/kontrol.rs\/index.php?rest_route=%2Fwp%2Fv2%2Fmedia&parent=936"}],"curies":[{"name":"wp","href":"https:\/\/api.w.org\/{rel}","templated":true}]}}